{"id":15034,"date":"2023-11-16T13:46:03","date_gmt":"2023-11-16T13:46:03","guid":{"rendered":"https:\/\/myobi.eu\/?page_id=15034"},"modified":"2024-09-11T09:04:12","modified_gmt":"2024-09-11T09:04:12","slug":"functionality-board","status":"publish","type":"page","link":"https:\/\/myobi.eu\/nl\/over-ons\/functionality-board\/","title":{"rendered":"Functionality Board"},"content":{"rendered":"\n<div class=\"wp-block-cover alignfull\"><span aria-hidden=\"true\" class=\"wp-block-cover__background has-nv-site-bg-background-color has-background-dim\"><\/span><img loading=\"lazy\" decoding=\"async\" width=\"1920\" height=\"809\" class=\"wp-block-cover__image-background wp-image-15547\" alt=\"\" src=\"https:\/\/myobi.eu\/wp-content\/uploads\/2024\/04\/slide1-home1.jpg\" data-object-fit=\"cover\" srcset=\"https:\/\/myobi.eu\/wp-content\/uploads\/2024\/04\/slide1-home1.jpg 1920w, https:\/\/myobi.eu\/wp-content\/uploads\/2024\/04\/slide1-home1-300x126.jpg 300w, https:\/\/myobi.eu\/wp-content\/uploads\/2024\/04\/slide1-home1-1024x431.jpg 1024w, https:\/\/myobi.eu\/wp-content\/uploads\/2024\/04\/slide1-home1-768x324.jpg 768w, https:\/\/myobi.eu\/wp-content\/uploads\/2024\/04\/slide1-home1-1536x647.jpg 1536w\" sizes=\"(max-width: 1920px) 100vw, 1920px\" \/><div class=\"wp-block-cover__inner-container is-layout-constrained wp-block-cover-is-layout-constrained\">\n<div style=\"height:50px\" aria-hidden=\"true\" class=\"wp-block-spacer\"><\/div>\n\n\n\n<div class=\"wp-block-columns is-layout-flex wp-container-core-columns-is-layout-9d6595d7 wp-block-columns-is-layout-flex\">\n<div class=\"wp-block-column has-nv-dark-bg-color has-nv-light-bg-background-color has-text-color has-background has-link-color wp-elements-b8f3234b61e9229e97a5d232ad1ec1e5 is-layout-flow wp-block-column-is-layout-flow\" style=\"padding-top:var(--wp--preset--spacing--50);padding-right:var(--wp--preset--spacing--50);padding-bottom:var(--wp--preset--spacing--50);padding-left:var(--wp--preset--spacing--50)\">\n<h2 class=\"wp-block-heading has-text-align-left has-nv-dark-bg-color has-text-color has-link-color wp-elements-dd8696e73f2caae437c5ba436a7d12b9\" style=\"font-size:50px\">Functionality Board<\/h2>\n\n\n\n<p class=\"has-nv-dark-bg-color has-text-color has-link-color wp-elements-9a047aa175804f03e299fc217472cac1\">De Functionality Board (FB) van MYOBI geeft de gebruikers van een Informatie Ecosysteem (IE) op het vertrouwensnetwerk, inclusief toepassingen zoals het SBC Managementsysteem en de bedrijfsspecifieke leeromgeving met (generieke) bewustwordings- en trainingsprogramma, invloed bij het ontwikkelen en in productie nemen van nieuwe functionaliteiten.\u00a0<\/p>\n\n\n\n<p class=\"has-nv-dark-bg-color has-text-color has-link-color wp-elements-90023b6a5861a273b50c84afbb346c9b\">Het kenbaar maken van functionele eisen en wensen aan de FB geeft een gebruiker van een IE waardevaste investering; anders gezegd: <em>een IE licentie op het MYOBI Vertrouwensnetwerk rendeert voor een gebruiker.<\/em><\/p>\n\n\n\n<div class=\"wp-block-buttons is-layout-flex wp-block-buttons-is-layout-flex\">\n<div class=\"wp-block-button has-custom-width wp-block-button__width-50 is-style-primary\"><a class=\"wp-block-button__link wp-element-button\" href=\"#lees-meer\">Lees meer<\/a><\/div>\n<\/div>\n<\/div>\n\n\n\n<div class=\"wp-block-column is-layout-flow wp-block-column-is-layout-flow\"><\/div>\n<\/div>\n\n\n\n<div style=\"height:50px\" aria-hidden=\"true\" class=\"wp-block-spacer\"><\/div>\n<\/div><\/div>\n\n\n\n<div class=\"wp-block-cover\"><span aria-hidden=\"true\" class=\"wp-block-cover__background has-nv-site-bg-background-color has-background-dim-100 has-background-dim\"><\/span><div class=\"wp-block-cover__inner-container is-layout-constrained wp-block-cover-is-layout-constrained\">\n<div style=\"height:50px\" aria-hidden=\"true\" class=\"wp-block-spacer\"><\/div>\n\n\n\n<div class=\"wp-block-columns has-nv-dark-bg-color has-text-color has-link-color wp-elements-4446161740098f560c721ca9c3b3e58a is-layout-flex wp-container-core-columns-is-layout-9d6595d7 wp-block-columns-is-layout-flex\">\n<div class=\"wp-block-column is-layout-flow wp-block-column-is-layout-flow\">\n<h2 class=\"wp-block-heading has-text-align-left has-large-font-size\" id=\"lees-meer\"><strong>Systeemontwikkelingsagenda<\/strong><\/h2>\n\n\n\n<p>MYOBI werkt In Q4 2023 aan de volgende functionaliteiten:<\/p>\n\n\n\n<ul class=\"wp-block-list\">\n<li>Het reputatiemanagement;<\/li>\n\n\n\n<li>\u201cKen uw partner\u201d-management;<\/li>\n\n\n\n<li>Het managen van de bedrijfsspecifieke leeromgeving; en<\/li>\n\n\n\n<li>Het integreren van\u00a0SBCM, vooral gericht op het organiseren van het beschermen van persoonsgegevens.<\/li>\n<\/ul>\n\n\n\n<p>Bedrijven en instellingen doen ervaringen op met het toepassen van de functionaliteiten. Soms ontstaan er idee\u00ebn hoe het beter kan. De FB wil graag de ervaringen \u00e9n de idee\u00ebn ontvangen en gebruiken voor het formuleren van\u00a0<em>user stories<\/em> die gepland worden in de systeemontwikkelingsagenda om te realiseren in het IE. Uiteindelijk gaat het erom dat de investeringen van de gebruikers van IE\u2019s renderen en waardevast zijn.<\/p>\n<\/div>\n<\/div>\n<\/div><\/div>\n\n\n\n<div class=\"wp-block-cover\"><span aria-hidden=\"true\" class=\"wp-block-cover__background has-nv-site-bg-background-color has-background-dim-100 has-background-dim\"><\/span><div class=\"wp-block-cover__inner-container is-layout-constrained wp-block-cover-is-layout-constrained\">\n<div style=\"height:50px\" aria-hidden=\"true\" class=\"wp-block-spacer\"><\/div>\n\n\n\n<div class=\"wp-block-columns has-nv-dark-bg-color has-text-color has-link-color wp-elements-f35b7a195cdaa767781974d6fdf0a22f is-layout-flex wp-container-core-columns-is-layout-9d6595d7 wp-block-columns-is-layout-flex\">\n<div class=\"wp-block-column is-layout-flow wp-block-column-is-layout-flow\">\n<h2 class=\"wp-block-heading has-text-align-left has-large-font-size\" id=\"lees-meer\"><strong>Bijeenkomsten en evenementen<\/strong><\/h2>\n\n\n\n<p>Met behulp van nieuwsbrieven en berichten op de website informeert de FB de gebruikers en ge\u00efnteresseerden over de IE, de toepassingen en de (nieuwe) functionaliteiten. De gebruikers kunnen altijd communiceren met de servicedesk als daar aanleiding voor is. De inhoudelijke gesprekken vinden plaats met medewerkers van de FB.<\/p>\n\n\n\n<p>Wij nodigen alle gebruikers uit verbeteringen en idee\u00ebn voor nieuwe functionaliteit te communiceren met de servicedesk en te bespreken met de FB.\u00a0Door het jaar heen organiseert de FB meerdere fysieke en online sessies.<\/p>\n<\/div>\n<\/div>\n\n\n\n<div class=\"wp-block-columns has-nv-dark-bg-color has-text-color has-link-color wp-elements-d42526a6863b9506197aaa57b60c814d is-layout-flex wp-container-core-columns-is-layout-9d6595d7 wp-block-columns-is-layout-flex\">\n<div class=\"wp-block-column is-layout-flow wp-block-column-is-layout-flow\">\n<div class=\"wp-block-columns is-layout-flex wp-container-core-columns-is-layout-9d6595d7 wp-block-columns-is-layout-flex\">\n<div class=\"wp-block-column is-layout-flow wp-block-column-is-layout-flow\">\n<figure class=\"wp-block-image size-full\"><img loading=\"lazy\" decoding=\"async\" width=\"761\" height=\"465\" src=\"https:\/\/myobi.eu\/wp-content\/uploads\/2021\/10\/SaaS-3.png\" alt=\"\" class=\"wp-image-11676\" srcset=\"https:\/\/myobi.eu\/wp-content\/uploads\/2021\/10\/SaaS-3.png 761w, https:\/\/myobi.eu\/wp-content\/uploads\/2021\/10\/SaaS-3-300x183.png 300w, https:\/\/myobi.eu\/wp-content\/uploads\/2021\/10\/SaaS-3-720x440.png 720w\" sizes=\"(max-width: 761px) 100vw, 761px\" \/><\/figure>\n\n\n\n<div style=\"height:30px\" aria-hidden=\"true\" class=\"wp-block-spacer\"><\/div>\n\n\n\n<h3 class=\"wp-block-heading\">Sessie 1<\/h3>\n\n\n\n<p>Lorem ipsum, or lipsum as it is sometimes known, is dummy text used in laying out print, graphic or web designs. <\/p>\n\n\n\n<div class=\"wp-block-buttons is-layout-flex wp-block-buttons-is-layout-flex\">\n<div class=\"wp-block-button is-style-primary\"><a class=\"wp-block-button__link wp-element-button\">Aanmelden<\/a><\/div>\n<\/div>\n\n\n\n<div style=\"height:30px\" aria-hidden=\"true\" class=\"wp-block-spacer\"><\/div>\n<\/div>\n\n\n\n<div class=\"wp-block-column is-layout-flow wp-block-column-is-layout-flow\">\n<figure class=\"wp-block-image size-full\"><img loading=\"lazy\" decoding=\"async\" width=\"761\" height=\"465\" src=\"https:\/\/myobi.eu\/wp-content\/uploads\/2021\/10\/SaaS-3.png\" alt=\"\" class=\"wp-image-11676\" srcset=\"https:\/\/myobi.eu\/wp-content\/uploads\/2021\/10\/SaaS-3.png 761w, https:\/\/myobi.eu\/wp-content\/uploads\/2021\/10\/SaaS-3-300x183.png 300w, https:\/\/myobi.eu\/wp-content\/uploads\/2021\/10\/SaaS-3-720x440.png 720w\" sizes=\"(max-width: 761px) 100vw, 761px\" \/><\/figure>\n\n\n\n<div style=\"height:30px\" aria-hidden=\"true\" class=\"wp-block-spacer\"><\/div>\n\n\n\n<h3 class=\"wp-block-heading\">Sessie 2<\/h3>\n\n\n\n<p>The passage is attributed to an unknown typesetter in the 15th century who is thought to have scrambled parts.<\/p>\n\n\n\n<div class=\"wp-block-buttons is-layout-flex wp-block-buttons-is-layout-flex\">\n<div class=\"wp-block-button is-style-primary\"><a class=\"wp-block-button__link wp-element-button\">Aanmelden<\/a><\/div>\n<\/div>\n\n\n\n<div style=\"height:30px\" aria-hidden=\"true\" class=\"wp-block-spacer\"><\/div>\n<\/div>\n\n\n\n<div class=\"wp-block-column is-layout-flow wp-block-column-is-layout-flow\">\n<figure class=\"wp-block-image size-full\"><img loading=\"lazy\" decoding=\"async\" width=\"761\" height=\"465\" src=\"https:\/\/myobi.eu\/wp-content\/uploads\/2021\/10\/SaaS-3.png\" alt=\"\" class=\"wp-image-11676\" srcset=\"https:\/\/myobi.eu\/wp-content\/uploads\/2021\/10\/SaaS-3.png 761w, https:\/\/myobi.eu\/wp-content\/uploads\/2021\/10\/SaaS-3-300x183.png 300w, https:\/\/myobi.eu\/wp-content\/uploads\/2021\/10\/SaaS-3-720x440.png 720w\" sizes=\"(max-width: 761px) 100vw, 761px\" \/><\/figure>\n\n\n\n<div style=\"height:30px\" aria-hidden=\"true\" class=\"wp-block-spacer\"><\/div>\n\n\n\n<h3 class=\"wp-block-heading\">Sessie 3<\/h3>\n\n\n\n<p>Lorem ipsum, or lipsum as it is sometimes known, is dummy text used in laying out print, graphic or web designs.<\/p>\n\n\n\n<div class=\"wp-block-buttons is-layout-flex wp-block-buttons-is-layout-flex\">\n<div class=\"wp-block-button is-style-primary\"><a class=\"wp-block-button__link wp-element-button\">Aanmelden<\/a><\/div>\n<\/div>\n\n\n\n<div style=\"height:30px\" aria-hidden=\"true\" class=\"wp-block-spacer\"><\/div>\n<\/div>\n<\/div>\n<\/div>\n<\/div>\n<\/div><\/div>\n\n\n\n<div class=\"wp-block-cover alignfull\" style=\"min-height:717px;aspect-ratio:unset;\"><span aria-hidden=\"true\" class=\"wp-block-cover__background has-nv-site-bg-background-color has-background-dim-100 has-background-dim\"><\/span><div class=\"wp-block-cover__inner-container is-layout-constrained wp-block-cover-is-layout-constrained\">\n<div style=\"height:50px\" aria-hidden=\"true\" class=\"wp-block-spacer\"><\/div>\n\n\n\n<h2 class=\"wp-block-heading has-nv-dark-bg-color has-text-color has-link-color wp-elements-fe8eee00e6081d4bfa8604dd4d2f4acb\">Het laatste nieuws<\/h2>\n\n\n<div class=\"wp-block-themeisle-blocks-posts-grid\" id=\"wp-block-themeisle-blocks-posts-grid-bb1da203\"><div class=\"is-grid o-posts-grid-columns-3\"><div class=\"o-posts-grid-post-blog o-posts-grid-post-plain\"><div class=\"o-posts-grid-post\"><div class=\"o-posts-grid-post-body is-full\"><span class=\"o-posts-grid-post-category\"><a href=\"https:\/\/myobi.eu\/nl\/category\/functionality-board\/\">Functionality Board<\/a><\/span><h4 class=\"o-posts-grid-post-title\"><a href=\"https:\/\/myobi.eu\/nl\/nieuwe-functionaliteit-sbc-managementsysteem\/\">Nieuwe functionaliteit SBC Managementsysteem<\/a><\/h4><p class=\"o-posts-grid-post-meta\">Geplaatst op <time datetime=\"2024-03-06T14:08:46+00:00\">maart 6, 2024<\/time> door <a href=\"https:\/\/myobi.eu\/nl\/author\/myobi\/\">MYOBI<\/a><\/p><div class=\"o-posts-grid-post-description\"><p>Gerealiseerde user stories In overleg met de gebruikers van het&nbsp;SBC Managementsysteem&nbsp;zijn\u2026<\/p><\/div><\/div><\/div><\/div><div class=\"o-posts-grid-post-blog o-posts-grid-post-plain\"><div class=\"o-posts-grid-post\"><div class=\"o-posts-grid-post-body is-full\"><span class=\"o-posts-grid-post-category\"><a href=\"https:\/\/myobi.eu\/nl\/category\/blog\/\">Blog<\/a><\/span><h4 class=\"o-posts-grid-post-title\"><a href=\"https:\/\/myobi.eu\/nl\/myobi-speelt-in-op-de-avg-de-ai-act-en-reputatiemanagement\/\">MYOBI speelt in op de AVG, de AI Act \u00e9n reputatiemanagement<\/a><\/h4><p class=\"o-posts-grid-post-meta\">Geplaatst op <time datetime=\"2024-03-06T13:56:48+00:00\">maart 6, 2024<\/time> door <a href=\"https:\/\/myobi.eu\/nl\/author\/a-j-biesheuvel\/\">Andr\u00e9 Biesheuvel<\/a><\/p><div class=\"o-posts-grid-post-description\"><p>Aanleiding Om in het maatschappelijk verkeer succesvol te functioneren hebben personen en bedrijven \u2026<\/p><\/div><\/div><\/div><\/div><div class=\"o-posts-grid-post-blog o-posts-grid-post-plain\"><div class=\"o-posts-grid-post\"><div class=\"o-posts-grid-post-body is-full\"><span class=\"o-posts-grid-post-category\"><a href=\"https:\/\/myobi.eu\/nl\/category\/functionality-board\/\">Functionality Board<\/a><\/span><h4 class=\"o-posts-grid-post-title\"><a href=\"https:\/\/myobi.eu\/nl\/user-story-001\/\">User Story 001<\/a><\/h4><p class=\"o-posts-grid-post-meta\">Geplaatst op <time datetime=\"2023-06-20T14:19:00+00:00\">juni 20, 2023<\/time> door <a href=\"https:\/\/myobi.eu\/nl\/author\/myobi\/\">MYOBI<\/a><\/p><div class=\"o-posts-grid-post-description\"><p>Naar aanleiding van opmerkingen en suggesties van gebruikers van het SBC Managementsysteem, (SBCM) d\u2026<\/p><\/div><\/div><\/div><\/div><\/div> <\/div>\n\n\n<div style=\"height:50px\" aria-hidden=\"true\" class=\"wp-block-spacer\"><\/div>\n<\/div><\/div>\n","protected":false},"excerpt":{"rendered":"","protected":false},"author":1,"featured_media":0,"parent":11441,"menu_order":0,"comment_status":"closed","ping_status":"closed","template":"","meta":{"_editorskit_title_hidden":false,"_editorskit_reading_time":0,"_editorskit_is_block_options_detached":false,"_editorskit_block_options_position":"{}","neve_meta_sidebar":"","neve_meta_container":"","neve_meta_enable_content_width":"on","neve_meta_content_width":100,"neve_meta_title_alignment":"","neve_meta_author_avatar":"","neve_post_elements_order":"","neve_meta_disable_header":"","neve_meta_disable_footer":"","neve_meta_disable_title":"on","neve_meta_reading_time":"","_themeisle_gutenberg_block_has_review":false,"footnotes":""},"class_list":["post-15034","page","type-page","status-publish","hentry"],"yoast_head":"<!-- This site is optimized with the Yoast SEO plugin v27.4 - https:\/\/yoast.com\/product\/yoast-seo-wordpress\/ -->\n<title>Functionality Board - MYOBI<\/title>\n<meta name=\"robots\" content=\"index, follow, max-snippet:-1, max-image-preview:large, max-video-preview:-1\" \/>\n<link rel=\"canonical\" href=\"https:\/\/myobi.eu\/nl\/over-ons\/functionality-board\/\" \/>\n<meta name=\"twitter:card\" content=\"summary_large_image\" \/>\n<meta name=\"twitter:title\" content=\"Functionality Board - MYOBI\" \/>\n<meta name=\"twitter:image\" content=\"https:\/\/myobi.eu\/wp-content\/uploads\/2024\/04\/slide1-home1.jpg\" \/>\n<meta name=\"twitter:label1\" content=\"Geschatte leestijd\" \/>\n\t<meta name=\"twitter:data1\" content=\"3 minuten\" \/>\n<script type=\"application\/ld+json\" class=\"yoast-schema-graph\">{\"@context\":\"https:\\\/\\\/schema.org\",\"@graph\":[{\"@type\":\"WebPage\",\"@id\":\"https:\\\/\\\/myobi.eu\\\/nl\\\/over-ons\\\/functionality-board\\\/\",\"url\":\"https:\\\/\\\/myobi.eu\\\/nl\\\/over-ons\\\/functionality-board\\\/\",\"name\":\"Functionality Board - MYOBI\",\"isPartOf\":{\"@id\":\"https:\\\/\\\/myobi.eu\\\/nl\\\/#website\"},\"primaryImageOfPage\":{\"@id\":\"https:\\\/\\\/myobi.eu\\\/nl\\\/over-ons\\\/functionality-board\\\/#primaryimage\"},\"image\":{\"@id\":\"https:\\\/\\\/myobi.eu\\\/nl\\\/over-ons\\\/functionality-board\\\/#primaryimage\"},\"thumbnailUrl\":\"https:\\\/\\\/myobi.eu\\\/wp-content\\\/uploads\\\/2024\\\/04\\\/slide1-home1.jpg\",\"datePublished\":\"2023-11-16T13:46:03+00:00\",\"dateModified\":\"2024-09-11T09:04:12+00:00\",\"breadcrumb\":{\"@id\":\"https:\\\/\\\/myobi.eu\\\/nl\\\/over-ons\\\/functionality-board\\\/#breadcrumb\"},\"inLanguage\":\"nl-NL\",\"potentialAction\":[{\"@type\":\"ReadAction\",\"target\":[\"https:\\\/\\\/myobi.eu\\\/nl\\\/over-ons\\\/functionality-board\\\/\"]}]},{\"@type\":\"ImageObject\",\"inLanguage\":\"nl-NL\",\"@id\":\"https:\\\/\\\/myobi.eu\\\/nl\\\/over-ons\\\/functionality-board\\\/#primaryimage\",\"url\":\"https:\\\/\\\/myobi.eu\\\/wp-content\\\/uploads\\\/2024\\\/04\\\/slide1-home1.jpg\",\"contentUrl\":\"https:\\\/\\\/myobi.eu\\\/wp-content\\\/uploads\\\/2024\\\/04\\\/slide1-home1.jpg\"},{\"@type\":\"BreadcrumbList\",\"@id\":\"https:\\\/\\\/myobi.eu\\\/nl\\\/over-ons\\\/functionality-board\\\/#breadcrumb\",\"itemListElement\":[{\"@type\":\"ListItem\",\"position\":1,\"name\":\"Home\",\"item\":\"https:\\\/\\\/myobi.eu\\\/nl\\\/\"},{\"@type\":\"ListItem\",\"position\":2,\"name\":\"Over ons\",\"item\":\"https:\\\/\\\/myobi.eu\\\/nl\\\/over-ons\\\/\"},{\"@type\":\"ListItem\",\"position\":3,\"name\":\"Functionality Board\"}]},{\"@type\":\"WebSite\",\"@id\":\"https:\\\/\\\/myobi.eu\\\/nl\\\/#website\",\"url\":\"https:\\\/\\\/myobi.eu\\\/nl\\\/\",\"name\":\"MYOBI\",\"description\":\"\",\"publisher\":{\"@id\":\"https:\\\/\\\/myobi.eu\\\/nl\\\/#organization\"},\"potentialAction\":[{\"@type\":\"SearchAction\",\"target\":{\"@type\":\"EntryPoint\",\"urlTemplate\":\"https:\\\/\\\/myobi.eu\\\/nl\\\/?s={search_term_string}\"},\"query-input\":{\"@type\":\"PropertyValueSpecification\",\"valueRequired\":true,\"valueName\":\"search_term_string\"}}],\"inLanguage\":\"nl-NL\"},{\"@type\":\"Organization\",\"@id\":\"https:\\\/\\\/myobi.eu\\\/nl\\\/#organization\",\"name\":\"MYOBI\",\"url\":\"https:\\\/\\\/myobi.eu\\\/nl\\\/\",\"logo\":{\"@type\":\"ImageObject\",\"inLanguage\":\"nl-NL\",\"@id\":\"https:\\\/\\\/myobi.eu\\\/nl\\\/#\\\/schema\\\/logo\\\/image\\\/\",\"url\":\"https:\\\/\\\/myobi.eu\\\/wp-content\\\/uploads\\\/2020\\\/07\\\/cropped-Logo-MYOBI.png\",\"contentUrl\":\"https:\\\/\\\/myobi.eu\\\/wp-content\\\/uploads\\\/2020\\\/07\\\/cropped-Logo-MYOBI.png\",\"width\":2212,\"height\":937,\"caption\":\"MYOBI\"},\"image\":{\"@id\":\"https:\\\/\\\/myobi.eu\\\/nl\\\/#\\\/schema\\\/logo\\\/image\\\/\"},\"sameAs\":[\"https:\\\/\\\/www.linkedin.com\\\/company\\\/mind-your-own-business-information-myobi-\"]}]}<\/script>\n<!-- \/ Yoast SEO plugin. -->","yoast_head_json":{"title":"Functionality Board - MYOBI","robots":{"index":"index","follow":"follow","max-snippet":"max-snippet:-1","max-image-preview":"max-image-preview:large","max-video-preview":"max-video-preview:-1"},"canonical":"https:\/\/myobi.eu\/nl\/over-ons\/functionality-board\/","twitter_card":"summary_large_image","twitter_title":"Functionality Board - MYOBI","twitter_image":"https:\/\/myobi.eu\/wp-content\/uploads\/2024\/04\/slide1-home1.jpg","twitter_misc":{"Geschatte leestijd":"3 minuten"},"schema":{"@context":"https:\/\/schema.org","@graph":[{"@type":"WebPage","@id":"https:\/\/myobi.eu\/nl\/over-ons\/functionality-board\/","url":"https:\/\/myobi.eu\/nl\/over-ons\/functionality-board\/","name":"Functionality Board - MYOBI","isPartOf":{"@id":"https:\/\/myobi.eu\/nl\/#website"},"primaryImageOfPage":{"@id":"https:\/\/myobi.eu\/nl\/over-ons\/functionality-board\/#primaryimage"},"image":{"@id":"https:\/\/myobi.eu\/nl\/over-ons\/functionality-board\/#primaryimage"},"thumbnailUrl":"https:\/\/myobi.eu\/wp-content\/uploads\/2024\/04\/slide1-home1.jpg","datePublished":"2023-11-16T13:46:03+00:00","dateModified":"2024-09-11T09:04:12+00:00","breadcrumb":{"@id":"https:\/\/myobi.eu\/nl\/over-ons\/functionality-board\/#breadcrumb"},"inLanguage":"nl-NL","potentialAction":[{"@type":"ReadAction","target":["https:\/\/myobi.eu\/nl\/over-ons\/functionality-board\/"]}]},{"@type":"ImageObject","inLanguage":"nl-NL","@id":"https:\/\/myobi.eu\/nl\/over-ons\/functionality-board\/#primaryimage","url":"https:\/\/myobi.eu\/wp-content\/uploads\/2024\/04\/slide1-home1.jpg","contentUrl":"https:\/\/myobi.eu\/wp-content\/uploads\/2024\/04\/slide1-home1.jpg"},{"@type":"BreadcrumbList","@id":"https:\/\/myobi.eu\/nl\/over-ons\/functionality-board\/#breadcrumb","itemListElement":[{"@type":"ListItem","position":1,"name":"Home","item":"https:\/\/myobi.eu\/nl\/"},{"@type":"ListItem","position":2,"name":"Over ons","item":"https:\/\/myobi.eu\/nl\/over-ons\/"},{"@type":"ListItem","position":3,"name":"Functionality Board"}]},{"@type":"WebSite","@id":"https:\/\/myobi.eu\/nl\/#website","url":"https:\/\/myobi.eu\/nl\/","name":"MYOBI","description":"","publisher":{"@id":"https:\/\/myobi.eu\/nl\/#organization"},"potentialAction":[{"@type":"SearchAction","target":{"@type":"EntryPoint","urlTemplate":"https:\/\/myobi.eu\/nl\/?s={search_term_string}"},"query-input":{"@type":"PropertyValueSpecification","valueRequired":true,"valueName":"search_term_string"}}],"inLanguage":"nl-NL"},{"@type":"Organization","@id":"https:\/\/myobi.eu\/nl\/#organization","name":"MYOBI","url":"https:\/\/myobi.eu\/nl\/","logo":{"@type":"ImageObject","inLanguage":"nl-NL","@id":"https:\/\/myobi.eu\/nl\/#\/schema\/logo\/image\/","url":"https:\/\/myobi.eu\/wp-content\/uploads\/2020\/07\/cropped-Logo-MYOBI.png","contentUrl":"https:\/\/myobi.eu\/wp-content\/uploads\/2020\/07\/cropped-Logo-MYOBI.png","width":2212,"height":937,"caption":"MYOBI"},"image":{"@id":"https:\/\/myobi.eu\/nl\/#\/schema\/logo\/image\/"},"sameAs":["https:\/\/www.linkedin.com\/company\/mind-your-own-business-information-myobi-"]}]}},"_links":{"self":[{"href":"https:\/\/myobi.eu\/nl\/wp-json\/wp\/v2\/pages\/15034","targetHints":{"allow":["GET"]}}],"collection":[{"href":"https:\/\/myobi.eu\/nl\/wp-json\/wp\/v2\/pages"}],"about":[{"href":"https:\/\/myobi.eu\/nl\/wp-json\/wp\/v2\/types\/page"}],"author":[{"embeddable":true,"href":"https:\/\/myobi.eu\/nl\/wp-json\/wp\/v2\/users\/1"}],"replies":[{"embeddable":true,"href":"https:\/\/myobi.eu\/nl\/wp-json\/wp\/v2\/comments?post=15034"}],"version-history":[{"count":16,"href":"https:\/\/myobi.eu\/nl\/wp-json\/wp\/v2\/pages\/15034\/revisions"}],"predecessor-version":[{"id":15828,"href":"https:\/\/myobi.eu\/nl\/wp-json\/wp\/v2\/pages\/15034\/revisions\/15828"}],"up":[{"embeddable":true,"href":"https:\/\/myobi.eu\/nl\/wp-json\/wp\/v2\/pages\/11441"}],"wp:attachment":[{"href":"https:\/\/myobi.eu\/nl\/wp-json\/wp\/v2\/media?parent=15034"}],"curies":[{"name":"wp","href":"https:\/\/api.w.org\/{rel}","templated":true}]}}