{"id":15878,"date":"2024-09-12T09:04:51","date_gmt":"2024-09-12T09:04:51","guid":{"rendered":"https:\/\/myobi.eu\/?page_id=15878"},"modified":"2024-09-12T09:20:20","modified_gmt":"2024-09-12T09:20:20","slug":"trainingen","status":"publish","type":"page","link":"https:\/\/myobi.eu\/nl\/trainingen\/","title":{"rendered":"Trainingen"},"content":{"rendered":"\n<div class=\"wp-block-cover alignfull\"><span aria-hidden=\"true\" class=\"wp-block-cover__background has-nv-dark-bg-background-color has-background-dim-70 has-background-dim\"><\/span><div class=\"wp-block-cover__inner-container is-layout-flow wp-block-cover-is-layout-flow\">\n<div style=\"height:100px\" aria-hidden=\"true\" class=\"wp-block-spacer\"><\/div>\n\n\n\n<div class=\"wp-block-columns is-layout-flex wp-container-core-columns-is-layout-9d6595d7 wp-block-columns-is-layout-flex\">\n<div class=\"wp-block-column is-layout-flow wp-block-column-is-layout-flow\">\n<h2 class=\"wp-block-heading has-nv-site-bg-color has-text-color has-x-large-font-size\">Trainingen<\/h2>\n\n\n\n<p class=\"has-nv-site-bg-color has-text-color\" style=\"font-size:15px\">Dit vraagt om een bewustwordingsprogramma beschermen persoonsgegevens voor het management en de medewerkers. Een dergelijk programma is \u00e9\u00e9n van de essenti\u00eble beheersmaatregelen om te voldoen aan de privacy-verplichtingen. Na het volgen van een dergelijk programma kunnen de medewerkers goed inschatten welke training zij nodig hebben om de noodzakelijke veranderingen in de bedrijfsprocessen en ondersteunende IT-systemen door te voeren.<\/p>\n\n\n\n<p class=\"has-nv-site-bg-color has-text-color\" style=\"font-size:16px\">Het \u2013&nbsp;<em>in overeenstemming met wettelijke en contractuele verplichtingen<\/em>&nbsp;\u2013 beschermen van persoonsgegevens vraagt van het management en de medewerkers de nodige inspanningen. Het beschermen van persoonsgegevens heeft impact op het organiseren van de bedrijfsactiviteiten en op de bedrijfsprocessen waarmee de bedrijfsactiviteiten georganiseerd worden. Voordat medewerkers aanpassingen in bedrijfsprocessen (willen) doorvoeren moet het duidelijk zijn waarom dit nodig is en op welke wijze dit het meest effectief gedaan kan worden.<\/p>\n<\/div>\n\n\n\n<div class=\"wp-block-column is-layout-flow wp-block-column-is-layout-flow\"><\/div>\n<\/div>\n\n\n\n<div style=\"height:100px\" aria-hidden=\"true\" class=\"wp-block-spacer\"><\/div>\n<\/div><\/div>\n\n\n\n<div class=\"wp-block-cover alignfull\"><span aria-hidden=\"true\" class=\"wp-block-cover__background has-nv-site-bg-background-color has-background-dim-100 has-background-dim\"><\/span><div class=\"wp-block-cover__inner-container is-layout-flow wp-block-cover-is-layout-flow\">\n<div style=\"height:50px\" aria-hidden=\"true\" class=\"wp-block-spacer\"><\/div>\n\n\n\n<h2 class=\"wp-block-heading has-nv-dark-bg-color has-text-color has-large-font-size\">Gebruikmaken van uw eigen bedrijfsspecifieke leeromgeving<\/h2>\n\n\n\n<p class=\"has-nv-dark-bg-color has-text-color\">Wij hebben met Duthler Academy afgesproken dat gebruikers van het SBC Managementsysteem ook gebruik kunnen maken van een bedrijfsspecifieke leeromgeving en het bewustwordings- en trainingsprogramma &#8216;beschermen van persoonsgegevens&#8217;.&nbsp;Hiermee ontstaat een meer volledig pakket van maatregelen:<\/p>\n\n\n\n<ul class=\"wp-block-list has-neve-text-color-color has-text-color has-neve-text-color-color\">\n<li>Bewustwordings- en trainingsprogramma beschermen persoonsgegevens; en<\/li>\n\n\n\n<li>SBC Managementsysteem, privacy-boekhouding.<\/li>\n<\/ul>\n\n\n\n<div class=\"wp-block-columns has-neve-text-color-color has-text-color is-layout-flex wp-container-core-columns-is-layout-9d6595d7 wp-block-columns-is-layout-flex\">\n<div class=\"wp-block-column is-layout-flow wp-block-column-is-layout-flow\">\n<p><strong>Bedrijfsspecifieke leeromgeving<\/strong><\/p>\n\n\n\n<p>Bedrijven maken gebruik van de kennisbank van Duthler Academy voor het opbouwen van hun bedrijfsspecifieke leeromgeving. Zie: <strong><em>de kennisbank leeromgeving<\/em><\/strong>. <\/p>\n\n\n\n<p>Duthler Academy beheert een programma kennismanagement waarbij zij uitgaan van het bedrijfsmatig toepassen van&nbsp;<strong><em>een leeromgeving<\/em><\/strong>. Zie:&nbsp;<strong><em>het programma kennismanagement<\/em><\/strong>.<\/p>\n<\/div>\n\n\n\n<div class=\"wp-block-column is-layout-flow wp-block-column-is-layout-flow\">\n<p><strong>Bewustwordings- en trainingsprogramma privacy boekhouding<\/strong><\/p>\n\n\n\n<p>Wij beheren een eigen bedrijfsspecifieke leeromgeving op Duthler Academy en beheert een bewustwordings- en trainingsprogramma privacy-boekhouding met behulp van SBC Management. <\/p>\n\n\n\n<p>Dit programma staat open voor alle gebruikers van het SBC Managementsystemen. Zie:&nbsp;<strong><em>het programma privacy-boekhouding<\/em><\/strong>.<\/p>\n<\/div>\n\n\n\n<div class=\"wp-block-column is-layout-flow wp-block-column-is-layout-flow\">\n<p><strong>Bewustwordings- en trainingsprogramma beschermen van persoonsgegevens<\/strong><\/p>\n\n\n\n<p>Met behulp van de bedrijfsspecifieke leeromgeving monitort het management in hoeverre sprake is van voldoende bewustzijn en of er voldoende kennis bij medewerkers is opgedaan om de noodzakelijke veranderingen door te voeren. <\/p>\n\n\n\n<p>Zie:&nbsp;<strong><em>het programma beschermen persoonsgegevens<\/em><\/strong>.<\/p>\n<\/div>\n<\/div>\n\n\n\n<div style=\"height:50px\" aria-hidden=\"true\" class=\"wp-block-spacer\"><\/div>\n<\/div><\/div>\n\n\n\n<div class=\"wp-block-cover alignfull\"><span aria-hidden=\"true\" class=\"wp-block-cover__background has-nv-light-bg-background-color has-background-dim-100 has-background-dim\"><\/span><div class=\"wp-block-cover__inner-container is-layout-flow wp-block-cover-is-layout-flow\">\n<div style=\"height:50px\" aria-hidden=\"true\" class=\"wp-block-spacer\"><\/div>\n\n\n\n<h2 class=\"wp-block-heading has-nv-dark-bg-color has-text-color has-large-font-size\">Onze opleidingspartners helpen u graag!<\/h2>\n\n\n\n<div class=\"wp-block-columns is-layout-flex wp-container-core-columns-is-layout-9d6595d7 wp-block-columns-is-layout-flex\">\n<div class=\"wp-block-column is-layout-flow wp-block-column-is-layout-flow\">\n<div style=\"height:30px\" aria-hidden=\"true\" class=\"wp-block-spacer\"><\/div>\n\n\n\n<p class=\"has-nv-dark-bg-color has-text-color\">Duthler Academy is sinds 2014 een vooraanstaand opleidingsinstituut op het gebied van (bedrijfs)juridische functie, compliance, privacy en informatieveiligheid.&nbsp;<\/p>\n\n\n\n<div class=\"wp-block-buttons is-layout-flex wp-block-buttons-is-layout-flex\">\n<div class=\"wp-block-button is-style-primary\"><a class=\"wp-block-button__link wp-element-button\" href=\"https:\/\/duthleracademy.com\/nl\/\" target=\"_blank\" rel=\"noreferrer noopener\">Naar de website<\/a><\/div>\n<\/div>\n<\/div>\n\n\n\n<div class=\"wp-block-column is-layout-flow wp-block-column-is-layout-flow\"><\/div>\n\n\n\n<div class=\"wp-block-column is-layout-flow wp-block-column-is-layout-flow\"><\/div>\n<\/div>\n\n\n\n<div style=\"height:50px\" aria-hidden=\"true\" class=\"wp-block-spacer\"><\/div>\n<\/div><\/div>\n\n\n\n<div class=\"wp-block-cover alignfull\"><span aria-hidden=\"true\" class=\"wp-block-cover__background has-nv-site-bg-background-color has-background-dim-100 has-background-dim\"><\/span><div class=\"wp-block-cover__inner-container is-layout-constrained wp-block-cover-is-layout-constrained\">\n<div style=\"height:50px\" aria-hidden=\"true\" class=\"wp-block-spacer\"><\/div>\n\n\n\n<div class=\"wp-block-columns is-layout-flex wp-container-core-columns-is-layout-9d6595d7 wp-block-columns-is-layout-flex\">\n<div class=\"wp-block-column is-layout-flow wp-block-column-is-layout-flow\" style=\"flex-basis:66.66%\">\n<h2 class=\"wp-block-heading has-text-align-left has-neve-text-color-color has-text-color has-link-color has-large-font-size wp-elements-3da4abef7eac7f3fab0e971458c44e00\">Leg uw vraag voor aan onze experts<\/h2>\n\n\n\n<p class=\"has-nv-dark-bg-color has-text-color has-link-color wp-elements-11a7a7994ee1819e8055e980e16641f2\">Heeft u een vraag over bewustwordings- en trainingsprogramma\u2019s? Neem gerust contact met ons op, wij staan u graag te woord.<\/p>\n\n\n\n<div class=\"wp-block-buttons is-layout-flex wp-block-buttons-is-layout-flex\">\n<div class=\"wp-block-button has-custom-width wp-block-button__width-100 is-style-primary\"><a class=\"wp-block-button__link wp-element-button\" href=\"https:\/\/myobi.eu\/nl\/contact\/\" target=\"_blank\" rel=\"noreferrer noopener\">Contact opnemen<\/a><\/div>\n<\/div>\n<\/div>\n\n\n\n<div class=\"wp-block-column is-layout-flow wp-block-column-is-layout-flow\" style=\"flex-basis:33.33%\"><\/div>\n<\/div>\n\n\n\n<div style=\"height:50px\" aria-hidden=\"true\" class=\"wp-block-spacer\"><\/div>\n<\/div><\/div>\n","protected":false},"excerpt":{"rendered":"","protected":false},"author":1,"featured_media":0,"parent":0,"menu_order":0,"comment_status":"closed","ping_status":"closed","template":"","meta":{"_editorskit_title_hidden":false,"_editorskit_reading_time":0,"_editorskit_is_block_options_detached":false,"_editorskit_block_options_position":"{}","neve_meta_sidebar":"","neve_meta_container":"default","neve_meta_enable_content_width":"on","neve_meta_content_width":100,"neve_meta_title_alignment":"","neve_meta_author_avatar":"","neve_post_elements_order":"","neve_meta_disable_header":"","neve_meta_disable_footer":"","neve_meta_disable_title":"on","neve_meta_reading_time":"","_themeisle_gutenberg_block_has_review":false,"footnotes":""},"class_list":["post-15878","page","type-page","status-publish","hentry"],"yoast_head":"<!-- This site is optimized with the Yoast SEO plugin v27.3 - https:\/\/yoast.com\/product\/yoast-seo-wordpress\/ -->\n<title>Trainingen - MYOBI<\/title>\n<meta name=\"robots\" content=\"index, follow, max-snippet:-1, max-image-preview:large, max-video-preview:-1\" \/>\n<link rel=\"canonical\" href=\"https:\/\/myobi.eu\/nl\/trainingen\/\" \/>\n<meta name=\"twitter:card\" content=\"summary_large_image\" \/>\n<meta name=\"twitter:title\" content=\"Trainingen - MYOBI\" \/>\n<meta name=\"twitter:label1\" content=\"Geschatte leestijd\" \/>\n\t<meta name=\"twitter:data1\" content=\"2 minuten\" \/>\n<script type=\"application\/ld+json\" class=\"yoast-schema-graph\">{\"@context\":\"https:\\\/\\\/schema.org\",\"@graph\":[{\"@type\":\"WebPage\",\"@id\":\"https:\\\/\\\/myobi.eu\\\/nl\\\/trainingen\\\/\",\"url\":\"https:\\\/\\\/myobi.eu\\\/nl\\\/trainingen\\\/\",\"name\":\"Trainingen - MYOBI\",\"isPartOf\":{\"@id\":\"https:\\\/\\\/myobi.eu\\\/nl\\\/#website\"},\"datePublished\":\"2024-09-12T09:04:51+00:00\",\"dateModified\":\"2024-09-12T09:20:20+00:00\",\"breadcrumb\":{\"@id\":\"https:\\\/\\\/myobi.eu\\\/nl\\\/trainingen\\\/#breadcrumb\"},\"inLanguage\":\"nl-NL\",\"potentialAction\":[{\"@type\":\"ReadAction\",\"target\":[\"https:\\\/\\\/myobi.eu\\\/nl\\\/trainingen\\\/\"]}]},{\"@type\":\"BreadcrumbList\",\"@id\":\"https:\\\/\\\/myobi.eu\\\/nl\\\/trainingen\\\/#breadcrumb\",\"itemListElement\":[{\"@type\":\"ListItem\",\"position\":1,\"name\":\"Home\",\"item\":\"https:\\\/\\\/myobi.eu\\\/nl\\\/\"},{\"@type\":\"ListItem\",\"position\":2,\"name\":\"Trainingen\"}]},{\"@type\":\"WebSite\",\"@id\":\"https:\\\/\\\/myobi.eu\\\/nl\\\/#website\",\"url\":\"https:\\\/\\\/myobi.eu\\\/nl\\\/\",\"name\":\"MYOBI\",\"description\":\"\",\"publisher\":{\"@id\":\"https:\\\/\\\/myobi.eu\\\/nl\\\/#organization\"},\"potentialAction\":[{\"@type\":\"SearchAction\",\"target\":{\"@type\":\"EntryPoint\",\"urlTemplate\":\"https:\\\/\\\/myobi.eu\\\/nl\\\/?s={search_term_string}\"},\"query-input\":{\"@type\":\"PropertyValueSpecification\",\"valueRequired\":true,\"valueName\":\"search_term_string\"}}],\"inLanguage\":\"nl-NL\"},{\"@type\":\"Organization\",\"@id\":\"https:\\\/\\\/myobi.eu\\\/nl\\\/#organization\",\"name\":\"MYOBI\",\"url\":\"https:\\\/\\\/myobi.eu\\\/nl\\\/\",\"logo\":{\"@type\":\"ImageObject\",\"inLanguage\":\"nl-NL\",\"@id\":\"https:\\\/\\\/myobi.eu\\\/nl\\\/#\\\/schema\\\/logo\\\/image\\\/\",\"url\":\"https:\\\/\\\/myobi.eu\\\/wp-content\\\/uploads\\\/2020\\\/07\\\/cropped-Logo-MYOBI.png\",\"contentUrl\":\"https:\\\/\\\/myobi.eu\\\/wp-content\\\/uploads\\\/2020\\\/07\\\/cropped-Logo-MYOBI.png\",\"width\":2212,\"height\":937,\"caption\":\"MYOBI\"},\"image\":{\"@id\":\"https:\\\/\\\/myobi.eu\\\/nl\\\/#\\\/schema\\\/logo\\\/image\\\/\"},\"sameAs\":[\"https:\\\/\\\/www.linkedin.com\\\/company\\\/mind-your-own-business-information-myobi-\"]}]}<\/script>\n<!-- \/ Yoast SEO plugin. -->","yoast_head_json":{"title":"Trainingen - MYOBI","robots":{"index":"index","follow":"follow","max-snippet":"max-snippet:-1","max-image-preview":"max-image-preview:large","max-video-preview":"max-video-preview:-1"},"canonical":"https:\/\/myobi.eu\/nl\/trainingen\/","twitter_card":"summary_large_image","twitter_title":"Trainingen - MYOBI","twitter_misc":{"Geschatte leestijd":"2 minuten"},"schema":{"@context":"https:\/\/schema.org","@graph":[{"@type":"WebPage","@id":"https:\/\/myobi.eu\/nl\/trainingen\/","url":"https:\/\/myobi.eu\/nl\/trainingen\/","name":"Trainingen - MYOBI","isPartOf":{"@id":"https:\/\/myobi.eu\/nl\/#website"},"datePublished":"2024-09-12T09:04:51+00:00","dateModified":"2024-09-12T09:20:20+00:00","breadcrumb":{"@id":"https:\/\/myobi.eu\/nl\/trainingen\/#breadcrumb"},"inLanguage":"nl-NL","potentialAction":[{"@type":"ReadAction","target":["https:\/\/myobi.eu\/nl\/trainingen\/"]}]},{"@type":"BreadcrumbList","@id":"https:\/\/myobi.eu\/nl\/trainingen\/#breadcrumb","itemListElement":[{"@type":"ListItem","position":1,"name":"Home","item":"https:\/\/myobi.eu\/nl\/"},{"@type":"ListItem","position":2,"name":"Trainingen"}]},{"@type":"WebSite","@id":"https:\/\/myobi.eu\/nl\/#website","url":"https:\/\/myobi.eu\/nl\/","name":"MYOBI","description":"","publisher":{"@id":"https:\/\/myobi.eu\/nl\/#organization"},"potentialAction":[{"@type":"SearchAction","target":{"@type":"EntryPoint","urlTemplate":"https:\/\/myobi.eu\/nl\/?s={search_term_string}"},"query-input":{"@type":"PropertyValueSpecification","valueRequired":true,"valueName":"search_term_string"}}],"inLanguage":"nl-NL"},{"@type":"Organization","@id":"https:\/\/myobi.eu\/nl\/#organization","name":"MYOBI","url":"https:\/\/myobi.eu\/nl\/","logo":{"@type":"ImageObject","inLanguage":"nl-NL","@id":"https:\/\/myobi.eu\/nl\/#\/schema\/logo\/image\/","url":"https:\/\/myobi.eu\/wp-content\/uploads\/2020\/07\/cropped-Logo-MYOBI.png","contentUrl":"https:\/\/myobi.eu\/wp-content\/uploads\/2020\/07\/cropped-Logo-MYOBI.png","width":2212,"height":937,"caption":"MYOBI"},"image":{"@id":"https:\/\/myobi.eu\/nl\/#\/schema\/logo\/image\/"},"sameAs":["https:\/\/www.linkedin.com\/company\/mind-your-own-business-information-myobi-"]}]}},"_links":{"self":[{"href":"https:\/\/myobi.eu\/nl\/wp-json\/wp\/v2\/pages\/15878","targetHints":{"allow":["GET"]}}],"collection":[{"href":"https:\/\/myobi.eu\/nl\/wp-json\/wp\/v2\/pages"}],"about":[{"href":"https:\/\/myobi.eu\/nl\/wp-json\/wp\/v2\/types\/page"}],"author":[{"embeddable":true,"href":"https:\/\/myobi.eu\/nl\/wp-json\/wp\/v2\/users\/1"}],"replies":[{"embeddable":true,"href":"https:\/\/myobi.eu\/nl\/wp-json\/wp\/v2\/comments?post=15878"}],"version-history":[{"count":6,"href":"https:\/\/myobi.eu\/nl\/wp-json\/wp\/v2\/pages\/15878\/revisions"}],"predecessor-version":[{"id":15899,"href":"https:\/\/myobi.eu\/nl\/wp-json\/wp\/v2\/pages\/15878\/revisions\/15899"}],"wp:attachment":[{"href":"https:\/\/myobi.eu\/nl\/wp-json\/wp\/v2\/media?parent=15878"}],"curies":[{"name":"wp","href":"https:\/\/api.w.org\/{rel}","templated":true}]}}